{"id":2311,"date":"2021-02-21T14:18:51","date_gmt":"2021-02-21T14:18:51","guid":{"rendered":"https:\/\/oblo-demo.bslthemes.com\/?page_id=10"},"modified":"2025-12-26T00:57:36","modified_gmt":"2025-12-26T00:57:36","slug":"home","status":"publish","type":"page","link":"https:\/\/www.quertu.com\/pl\/","title":{"rendered":"Home"},"content":{"rendered":"<div data-elementor-type=\"wp-page\" data-elementor-id=\"2311\" class=\"elementor elementor-2311\">\n\t\t\t\t\t\t<section class=\"elementor-section elementor-top-section elementor-element elementor-element-dd83bc2 elementor-section-full_width elementor-section-height-default elementor-section-height-default\" data-id=\"dd83bc2\" data-element_type=\"section\" data-e-type=\"section\">\n\t\t\t\t\t\t<div class=\"elementor-container elementor-column-gap-no\">\n\t\t\t\t\t<div class=\"elementor-column elementor-col-100 elementor-top-column elementor-element elementor-element-e2f3d0b\" data-id=\"e2f3d0b\" data-element_type=\"column\" data-e-type=\"column\">\n\t\t\t<div class=\"elementor-widget-wrap elementor-element-populated\">\n\t\t\t\t\t\t<div class=\"elementor-element elementor-element-32d44e6 elementor-widget elementor-widget-oblo-main-slider\" data-id=\"32d44e6\" data-element_type=\"widget\" data-e-type=\"widget\" data-widget_type=\"oblo-main-slider.default\">\n\t\t\t\t<div class=\"elementor-widget-container\">\n\t\t\t\t\t\n\t\t\t\t<!-- Section Hero Main Slider -->\n\t\t<div class=\"section hero-main-slider\">\n\t\t\t<div class=\"swiper-container\" data-mousewheel=\"true\" data-autoplay=\"6000\">\n\t\t\t\t<div class=\"swiper-wrapper\">\n\t\t\t\t\t\t\t\t\t\t<div class=\"swiper-slide\" data-swiper-autoplay>\n\t\t\t\t\t\t\t\t\t\t\t\t\t\t\t\t\t\t<!-- image -->\n\t\t\t\t\t\t<div class=\"slide\" style=\"background-image: url(https:\/\/www.quertu.com\/wp-content\/uploads\/2024\/11\/urban-double-exposure-collage-concept-scaled.jpg);\" data-dimg=\"https:\/\/www.quertu.com\/wp-content\/uploads\/2024\/11\/urban-double-exposure-collage-concept-scaled.jpg\" data-mimg=\"\">\n\t\t\t\t\t\t<\/div>\n\t\t\t\t\t\t\t\t\t\t\t\t\t\t\t\t\t\t\t\t\t\t\t\t\n\t\t\t\t\t\t<!-- slide titles -->\n\t\t\t\t\t\t<div class=\"slide-titles\">\n\t\t\t\t\t\t\t<div class=\"row\">\n\t\t\t\t\t\t\t\t<div class=\"col-xs-12 col-sm-12 col-md-12 col-lg-12\">\n\n\t\t\t\t\t\t\t\t\t<!-- title -->\n\t\t\t\t\t\t\t\t\t<div class=\"titles\">\n\t\t\t\t\t\t\t\t\t\t\t\t\t\t\t\t\t\t\t\t\t\t\t\t\t\t\t\t\t\t<h1 class=\"title\">\n\t\t\t\t\t\t\t\t\t\t\t<span class=\"title-inner splitting-text-anim-2\" data-splitting>\n\t\t\t\t\t\t\t\t\t\t\t\t<span >\n\t\t\t\t\t    \t\t\t\t\t\t\tJak rozwija si\u0119 Wasza firma?\t\t\t\t\t    \t\t\t\t\t\t<\/span>\n\t\t\t\t\t\t\t\t\t\t\t<\/span>\n\t\t\t\t\t\t\t\t\t\t<\/h1>\n\t\t\t\t\t\t\t\t\t\t\t\t\t\t\t\t\t\t\t\t\t\t\t\t\t\t\t\t\t\t<div class=\"subtitle scrolla-element-anim-1\">\n\t\t\t\t\t\t\t\t\t\t\t<span >\n\t\t\t\t\t\t    \t\t\t\t\tRozw\u00f3j biznesu nie stanowi opcji, lecz konieczno\u015b\u0107.\t\t\t\t\t\t    \t\t\t\t<\/span>\n\t\t\t\t\t\t\t\t\t\t<\/div>\n\t\t\t\t\t\t\t\t\t\t\t\t\t\t\t\t\t\t\t<\/div>\n\n\t\t\t\t\t\t\t\t\t\t\t\t\t\t\t\t\t\t<div class=\"more-bts\">\n\t\t\t\t\t\t\t\t\t\t<a  href=\"https:\/\/www.quertu.com\/pl\/about\/\" data-splitting class=\"btn more-btn scrolla-element-anim-1\">\n\t\t\t\t\t\t\t\t\t\t\t<span >Nasz spos\u00f3b my\u015blenia.<\/span>\n\t\t\t\t\t\t\t\t\t\t<\/a>\n\t\t\t\t\t\t\t\t\t<\/div>\n\t\t\t\t\t\t\t\t\t\n\t\t\t\t\t\t\t\t<\/div>\n\t\t\t\t\t\t\t<\/div>\n\t\t\t\t\t\t<\/div>\n\n\t\t\t\t\t<\/div>\n\t\t\t\t\t\t\t\t\t\t<div class=\"swiper-slide\" data-swiper-autoplay>\n\t\t\t\t\t\t\t\t\t\t\t\t\t\t\t\t\t\t<!-- image -->\n\t\t\t\t\t\t<div class=\"slide\" style=\"background-image: url(https:\/\/www.quertu.com\/wp-content\/uploads\/2024\/11\/young-woman-shooting-with-projector-medium-shot-scaled.jpg);\" data-dimg=\"https:\/\/www.quertu.com\/wp-content\/uploads\/2024\/11\/young-woman-shooting-with-projector-medium-shot-scaled.jpg\" data-mimg=\"\">\n\t\t\t\t\t\t<\/div>\n\t\t\t\t\t\t\t\t\t\t\t\t\t\t\t\t\t\t\t\t\t\t\t\t\n\t\t\t\t\t\t<!-- slide titles -->\n\t\t\t\t\t\t<div class=\"slide-titles\">\n\t\t\t\t\t\t\t<div class=\"row\">\n\t\t\t\t\t\t\t\t<div class=\"col-xs-12 col-sm-12 col-md-12 col-lg-12\">\n\n\t\t\t\t\t\t\t\t\t<!-- title -->\n\t\t\t\t\t\t\t\t\t<div class=\"titles\">\n\t\t\t\t\t\t\t\t\t\t\t\t\t\t\t\t\t\t\t\t<div class=\"label scrolla-element-anim-1\">\n\t\t\t\t\t\t\t\t\t\t\t<span >\n\t\t\t\t\t\t    \t\t\t\t\trdze\u0144 zaanga\u017cowania\t\t\t\t\t\t    \t\t\t\t<\/span>\n\t\t\t\t\t\t\t\t\t\t<\/div>\n\t\t\t\t\t\t\t\t\t\t\t\t\t\t\t\t\t\t\t\t\t\t\t\t\t\t\t\t\t\t<h1 class=\"title\">\n\t\t\t\t\t\t\t\t\t\t\t<span class=\"title-inner splitting-text-anim-2\" data-splitting>\n\t\t\t\t\t\t\t\t\t\t\t\t<span >\n\t\t\t\t\t    \t\t\t\t\t\t\tTo\u017csamo\u015bci marek\t\t\t\t\t    \t\t\t\t\t\t<\/span>\n\t\t\t\t\t\t\t\t\t\t\t<\/span>\n\t\t\t\t\t\t\t\t\t\t<\/h1>\n\t\t\t\t\t\t\t\t\t\t\t\t\t\t\t\t\t\t\t\t\t\t\t\t\t\t\t\t\t\t<div class=\"subtitle scrolla-element-anim-1\">\n\t\t\t\t\t\t\t\t\t\t\t<span >\n\t\t\t\t\t\t    \t\t\t\t\tStw\u00f3rz lub od\u015bwie\u017c sw\u00f3j produkt lub us\u0142ug\u0119 z nami.\t\t\t\t\t\t    \t\t\t\t<\/span>\n\t\t\t\t\t\t\t\t\t\t<\/div>\n\t\t\t\t\t\t\t\t\t\t\t\t\t\t\t\t\t\t\t<\/div>\n\n\t\t\t\t\t\t\t\t\t\t\t\t\t\t\t\t\t\t<div class=\"more-bts\">\n\t\t\t\t\t\t\t\t\t\t<a  href=\"https:\/\/www.quertu.com\/pl\/about\/\" data-splitting class=\"btn more-btn scrolla-element-anim-1\">\n\t\t\t\t\t\t\t\t\t\t\t<span >Nasz spos\u00f3b my\u015blenia.<\/span>\n\t\t\t\t\t\t\t\t\t\t<\/a>\n\t\t\t\t\t\t\t\t\t<\/div>\n\t\t\t\t\t\t\t\t\t\n\t\t\t\t\t\t\t\t<\/div>\n\t\t\t\t\t\t\t<\/div>\n\t\t\t\t\t\t<\/div>\n\n\t\t\t\t\t<\/div>\n\t\t\t\t\t\t\t\t\t\t<div class=\"swiper-slide\" data-swiper-autoplay>\n\t\t\t\t\t\t\t\t\t\t\t\t\t\t\t\t\t\t<!-- image -->\n\t\t\t\t\t\t<div class=\"slide\" style=\"background-image: url(https:\/\/www.quertu.com\/wp-content\/uploads\/2024\/11\/5595963-scaled.jpg);\" data-dimg=\"https:\/\/www.quertu.com\/wp-content\/uploads\/2024\/11\/5595963-scaled.jpg\" data-mimg=\"\">\n\t\t\t\t\t\t<\/div>\n\t\t\t\t\t\t\t\t\t\t\t\t\t\t\t\t\t\t\t\t\t\t\t\t\n\t\t\t\t\t\t<!-- slide titles -->\n\t\t\t\t\t\t<div class=\"slide-titles\">\n\t\t\t\t\t\t\t<div class=\"row\">\n\t\t\t\t\t\t\t\t<div class=\"col-xs-12 col-sm-12 col-md-12 col-lg-12\">\n\n\t\t\t\t\t\t\t\t\t<!-- title -->\n\t\t\t\t\t\t\t\t\t<div class=\"titles dark\">\n\t\t\t\t\t\t\t\t\t\t\t\t\t\t\t\t\t\t\t\t<div class=\"label scrolla-element-anim-1\">\n\t\t\t\t\t\t\t\t\t\t\t<span >\n\t\t\t\t\t\t    \t\t\t\t\tmoment najwy\u017cszego zaanga\u017cowania\t\t\t\t\t\t    \t\t\t\t<\/span>\n\t\t\t\t\t\t\t\t\t\t<\/div>\n\t\t\t\t\t\t\t\t\t\t\t\t\t\t\t\t\t\t\t\t\t\t\t\t\t\t\t\t\t\t<div class=\"title\">\n\t\t\t\t\t\t\t\t\t\t\t<span class=\"title-inner splitting-text-anim-2\" data-splitting>\n\t\t\t\t\t\t\t\t\t\t\t\t<span >\n\t\t\t\t\t    \t\t\t\t\t\t\tAtrybuty marki\t\t\t\t\t    \t\t\t\t\t\t<\/span>\n\t\t\t\t\t\t\t\t\t\t\t<\/span>\n\t\t\t\t\t\t\t\t\t\t<\/div>\n\t\t\t\t\t\t\t\t\t\t\t\t\t\t\t\t\t\t\t\t\t\t\t\t\t\t\t\t\t\t<div class=\"subtitle scrolla-element-anim-1\">\n\t\t\t\t\t\t\t\t\t\t\t<span >\n\t\t\t\t\t\t    \t\t\t\t\tAnga\u017cuj ludzi swoj\u0105 mark\u0105, produktem lub us\u0142ug\u0105.\n<br>W quertu tworzymy historie, kt\u00f3re maj\u0105 realny wp\u0142yw.\n\t\t\t\t\t\t    \t\t\t\t<\/span>\n\t\t\t\t\t\t\t\t\t\t<\/div>\n\t\t\t\t\t\t\t\t\t\t\t\t\t\t\t\t\t\t\t<\/div>\n\n\t\t\t\t\t\t\t\t\t\t\t\t\t\t\t\t\t\t<div class=\"more-bts\">\n\t\t\t\t\t\t\t\t\t\t<a  href=\"https:\/\/www.quertu.com\/pl\/about\/\" data-splitting class=\"btn more-btn scrolla-element-anim-1\">\n\t\t\t\t\t\t\t\t\t\t\t<span >Nasz spos\u00f3b my\u015blenia.<\/span>\n\t\t\t\t\t\t\t\t\t\t<\/a>\n\t\t\t\t\t\t\t\t\t<\/div>\n\t\t\t\t\t\t\t\t\t\n\t\t\t\t\t\t\t\t<\/div>\n\t\t\t\t\t\t\t<\/div>\n\t\t\t\t\t\t<\/div>\n\n\t\t\t\t\t<\/div>\n\t\t\t\t\t\t\t\t\t\t<div class=\"swiper-slide\" data-swiper-autoplay>\n\t\t\t\t\t\t\t\t\t\t\t\t\t\t\t\t\t\t<!-- image -->\n\t\t\t\t\t\t<div class=\"slide\" style=\"background-image: url(https:\/\/www.quertu.com\/wp-content\/uploads\/2021\/08\/started-n7.jpg);\" data-dimg=\"https:\/\/www.quertu.com\/wp-content\/uploads\/2021\/08\/started-n7.jpg\" data-mimg=\"https:\/\/www.quertu.com\/wp-content\/uploads\/2021\/08\/started-n7.jpg\">\n\t\t\t\t\t\t<\/div>\n\t\t\t\t\t\t\t\t\t\t\t\t\t\t\t\t\t\t\t\t\t\t\t\t\n\t\t\t\t\t\t<!-- slide titles -->\n\t\t\t\t\t\t<div class=\"slide-titles\">\n\t\t\t\t\t\t\t<div class=\"row\">\n\t\t\t\t\t\t\t\t<div class=\"col-xs-12 col-sm-12 col-md-12 col-lg-12\">\n\n\t\t\t\t\t\t\t\t\t<!-- title -->\n\t\t\t\t\t\t\t\t\t<div class=\"titles\">\n\t\t\t\t\t\t\t\t\t\t\t\t\t\t\t\t\t\t\t\t<div class=\"label scrolla-element-anim-1\">\n\t\t\t\t\t\t\t\t\t\t\t<span >\n\t\t\t\t\t\t    \t\t\t\t\tci\u0105g\u0142e zaanga\u017cowanie\t\t\t\t\t\t    \t\t\t\t<\/span>\n\t\t\t\t\t\t\t\t\t\t<\/div>\n\t\t\t\t\t\t\t\t\t\t\t\t\t\t\t\t\t\t\t\t\t\t\t\t\t\t\t\t\t\t<div class=\"title\">\n\t\t\t\t\t\t\t\t\t\t\t<span class=\"title-inner splitting-text-anim-2\" data-splitting>\n\t\t\t\t\t\t\t\t\t\t\t\t<span >\n\t\t\t\t\t    \t\t\t\t\t\t\tOpowie\u015bci marek\t\t\t\t\t    \t\t\t\t\t\t<\/span>\n\t\t\t\t\t\t\t\t\t\t\t<\/span>\n\t\t\t\t\t\t\t\t\t\t<\/div>\n\t\t\t\t\t\t\t\t\t\t\t\t\t\t\t\t\t\t\t\t\t\t\t\t\t\t\t\t\t\t<div class=\"subtitle scrolla-element-anim-1\">\n\t\t\t\t\t\t\t\t\t\t\t<span >\n\t\t\t\t\t\t    \t\t\t\t\tNieustannie anga\u017cuj ludzi i tw\u00f3rz prawdziwych ambasador\u00f3w marki.\nW Quertu tworzymy atrybuty marki, kt\u00f3re w naturalny spos\u00f3b anga\u017cuj\u0105 ludzi w relacj\u0119 z markami.\t\t\t\t\t\t    \t\t\t\t<\/span>\n\t\t\t\t\t\t\t\t\t\t<\/div>\n\t\t\t\t\t\t\t\t\t\t\t\t\t\t\t\t\t\t\t<\/div>\n\n\t\t\t\t\t\t\t\t\t\t\t\t\t\t\t\t\t\t<div class=\"more-bts\">\n\t\t\t\t\t\t\t\t\t\t<a  href=\"https:\/\/www.quertu.com\/pl\/about\/\" data-splitting class=\"btn more-btn scrolla-element-anim-1\">\n\t\t\t\t\t\t\t\t\t\t\t<span >Nasz spos\u00f3b my\u015blenia.<\/span>\n\t\t\t\t\t\t\t\t\t\t<\/a>\n\t\t\t\t\t\t\t\t\t<\/div>\n\t\t\t\t\t\t\t\t\t\n\t\t\t\t\t\t\t\t<\/div>\n\t\t\t\t\t\t\t<\/div>\n\t\t\t\t\t\t<\/div>\n\n\t\t\t\t\t<\/div>\n\t\t\t\t\t\t\t\t\t\t<div class=\"swiper-slide\" data-swiper-autoplay>\n\t\t\t\t\t\t\t\t\t\t\t\t\t\t\t\t\t\t<!-- image -->\n\t\t\t\t\t\t<div class=\"slide\" style=\"background-image: url(https:\/\/www.quertu.com\/wp-content\/uploads\/2021\/08\/started-n14_1.jpg);\" data-dimg=\"https:\/\/www.quertu.com\/wp-content\/uploads\/2021\/08\/started-n14_1.jpg\" data-mimg=\"\">\n\t\t\t\t\t\t<\/div>\n\t\t\t\t\t\t\t\t\t\t\t\t\t\t\t\t\t\t\t\t\t\t\t\t\n\t\t\t\t\t\t<!-- slide titles -->\n\t\t\t\t\t\t<div class=\"slide-titles\">\n\t\t\t\t\t\t\t<div class=\"row\">\n\t\t\t\t\t\t\t\t<div class=\"col-xs-12 col-sm-12 col-md-12 col-lg-12\">\n\n\t\t\t\t\t\t\t\t\t<!-- title -->\n\t\t\t\t\t\t\t\t\t<div class=\"titles\">\n\t\t\t\t\t\t\t\t\t\t\t\t\t\t\t\t\t\t\t\t\t\t\t\t\t\t\t\t\t\t<div class=\"title\">\n\t\t\t\t\t\t\t\t\t\t\t<span class=\"title-inner splitting-text-anim-2\" data-splitting>\n\t\t\t\t\t\t\t\t\t\t\t\t<span >\n\t\t\t\t\t    \t\t\t\t\t\t\tRo\u015bnijmy razem.\t\t\t\t\t    \t\t\t\t\t\t<\/span>\n\t\t\t\t\t\t\t\t\t\t\t<\/span>\n\t\t\t\t\t\t\t\t\t\t<\/div>\n\t\t\t\t\t\t\t\t\t\t\t\t\t\t\t\t\t\t\t\t\t\t\t\t\t\t\t\t\t\t<div class=\"subtitle scrolla-element-anim-1\">\n\t\t\t\t\t\t\t\t\t\t\t<span >\n\t\t\t\t\t\t    \t\t\t\t\tDom produkcji contentu specjalizuj\u0105cy si\u0119 w animacji, brandingu, filmie, performance marketing, social media, SEO\/SEM oraz stronach internetowych.\t\t\t\t\t\t    \t\t\t\t<\/span>\n\t\t\t\t\t\t\t\t\t\t<\/div>\n\t\t\t\t\t\t\t\t\t\t\t\t\t\t\t\t\t\t\t<\/div>\n\n\t\t\t\t\t\t\t\t\t\t\t\t\t\t\t\t\t\t<div class=\"more-bts\">\n\t\t\t\t\t\t\t\t\t\t<a  href=\"https:\/\/www.quertu.com\/pl\/about\/\" data-splitting class=\"btn more-btn scrolla-element-anim-1\">\n\t\t\t\t\t\t\t\t\t\t\t<span >Nasz spos\u00f3b my\u015blenia.<\/span>\n\t\t\t\t\t\t\t\t\t\t<\/a>\n\t\t\t\t\t\t\t\t\t<\/div>\n\t\t\t\t\t\t\t\t\t\n\t\t\t\t\t\t\t\t<\/div>\n\t\t\t\t\t\t\t<\/div>\n\t\t\t\t\t\t<\/div>\n\n\t\t\t\t\t<\/div>\n\t\t\t\t\t\t\t\t\t<\/div>\n\n\t\t\t\t<!-- pagination -->\n\t\t\t\t<div class=\"swiper-pagination scrolla-element-anim-1 scroll-animate\" data-animate=\"active\"><\/div>\n\n\t\t\t\t<!-- navigation -->\n\t\t\t\t<div class=\"swiper-buttons\">\n\t\t\t\t\t<div class=\"swiper-button-prev\"><\/div>\n\t\t\t\t\t<div class=\"swiper-button-next\"><\/div>\n\t\t\t\t<\/div>\n\n\t\t\t<\/div>\n\t\t<\/div>\n\t\t\n\t\t\t\t\t\t<\/div>\n\t\t\t\t<\/div>\n\t\t\t\t\t<\/div>\n\t\t<\/div>\n\t\t\t\t\t<\/div>\n\t\t<\/section>\n\t\t<div class=\"elementor-element elementor-element-50b5140 e-grid e-con-boxed e-con e-parent\" data-id=\"50b5140\" data-element_type=\"container\" data-e-type=\"container\">\n\t\t\t\t\t<div class=\"e-con-inner\">\n\t\t\t\t\t<\/div>\n\t\t\t\t<\/div>\n\t\t\t\t<\/div>","protected":false},"excerpt":{"rendered":"<p>How is your company evolving? Business development is not an option, it is a necessity. Our way of thinking core engagement Brand Identities Create or rebrand your product or service with us. Our way of thinking peak engagement Brand Properties Activate people with your&#8230; <\/p>\n<div class=\"readmore\"><a href=\"https:\/\/www.quertu.com\/pl\/\" class=\"btn-link\">Read more<\/a><\/div>","protected":false},"author":1,"featured_media":0,"parent":0,"menu_order":0,"comment_status":"closed","ping_status":"closed","template":"template-layout-builder.php","meta":{"_acf_changed":false,"_monsterinsights_skip_tracking":false,"_monsterinsights_sitenote_active":false,"_monsterinsights_sitenote_note":"","_monsterinsights_sitenote_category":0,"footnotes":""},"class_list":["post-2311","page","type-page","status-publish","hentry"],"acf":[],"_links":{"self":[{"href":"https:\/\/www.quertu.com\/pl\/wp-json\/wp\/v2\/pages\/2311","targetHints":{"allow":["GET"]}}],"collection":[{"href":"https:\/\/www.quertu.com\/pl\/wp-json\/wp\/v2\/pages"}],"about":[{"href":"https:\/\/www.quertu.com\/pl\/wp-json\/wp\/v2\/types\/page"}],"author":[{"embeddable":true,"href":"https:\/\/www.quertu.com\/pl\/wp-json\/wp\/v2\/users\/1"}],"replies":[{"embeddable":true,"href":"https:\/\/www.quertu.com\/pl\/wp-json\/wp\/v2\/comments?post=2311"}],"version-history":[{"count":161,"href":"https:\/\/www.quertu.com\/pl\/wp-json\/wp\/v2\/pages\/2311\/revisions"}],"predecessor-version":[{"id":3432,"href":"https:\/\/www.quertu.com\/pl\/wp-json\/wp\/v2\/pages\/2311\/revisions\/3432"}],"wp:attachment":[{"href":"https:\/\/www.quertu.com\/pl\/wp-json\/wp\/v2\/media?parent=2311"}],"curies":[{"name":"wp","href":"https:\/\/api.w.org\/{rel}","templated":true}]}}